{"id":20,"date":"2023-07-29T16:31:45","date_gmt":"2023-07-29T16:31:45","guid":{"rendered":"https:\/\/tigersfans.edvschott.de\/?page_id=20"},"modified":"2026-04-11T12:10:49","modified_gmt":"2026-04-11T11:10:49","slug":"nutzungsbestimmungen","status":"publish","type":"page","link":"https:\/\/tigersfans-bayreuth.de\/index.php\/nutzungsbestimmungen\/","title":{"rendered":"Nutzungsbestimmungen"},"content":{"rendered":"\n<p><strong>Haftungsbeschr\u00e4nkung f\u00fcr eigene Inhalte<\/strong><\/p>\n\n\n\n<p>Alle Inhalte unseres Internetauftritts wurden mit Sorgfalt und nach bestem Gewissen erstellt. Eine Gew\u00e4hr f\u00fcr die Aktualit\u00e4t, Vollst\u00e4ndigkeit und Richtigkeit s\u00e4mtlicher Seiten kann jedoch nicht \u00fcbernommen werden.<\/p>\n\n\n\n<p>Gem\u00e4\u00df \u00a7 7 Abs. 1 TMG sind wir als Dienstanbieter f\u00fcr eigene Inhalte auf diesen Seiten nach den allgemeinen Gesetzen verantwortlich, nach den \u00a7\u00a7 8 bis 10 TMG jedoch nicht verpflichtet, die \u00fcbermittelten oder gespeicherten fremden Informationen zu \u00fcberwachen. Eine umgehende Entfernung dieser Inhalte erfolgt ab dem Zeitpunkt der Kenntnis einer konkreten Rechtsverletzung und wir haften nicht vor dem Zeitpunkt der Kenntniserlangung.<\/p>\n\n\n\n<p><br><strong>Haftungsbeschr\u00e4nkung f\u00fcr externe Links<\/strong><\/p>\n\n\n\n<p>Unsere Website enth\u00e4lt sog. \u201eexterne Links\u201c (Verkn\u00fcpfungen zu Websites Dritter), auf deren Inhalt wir keinen Einfluss haben und f\u00fcr den wir aus diesem Grund keine Gew\u00e4hr \u00fcbernehmen. F\u00fcr die Inhalte und Richtigkeit der Informationen ist der jeweilige Informationsanbieter der verlinkten Websites verantwortlich. Als die Verlinkung vorgenommen wurde, waren f\u00fcr uns keine Rechtsverst\u00f6\u00dfe erkennbar. Sollte uns eine Rechtsverletzung bekannt werden, wird der jeweilige Link umgehend von uns entfernt.<br>Urheberrecht<\/p>\n\n\n\n<p>Die auf dieser Website ver\u00f6ffentlichten Inhalte und Werke unterliegen dem deutschen Urheberrecht. Jede Art der Vervielf\u00e4ltigung, Bearbeitung, Verbreitung und jede Art der Verwertung au\u00dferhalb der Grenzen des Urheberrechts bedarf der vorherigen schriftlichen Zustimmung des jeweiligen Urhebers bzw. Autors.<br><br><strong>Datenschutz<\/strong><\/p>\n\n\n\n<p>Durch den Besuch unseres Internetauftritts k\u00f6nnen Informationen \u00fcber den Zugriff (Datum, Uhrzeit, aufgerufene Seite) auf dem Server gespeichert werden. Dies stellt keine Auswertung personenbezogener Daten (z.B. Name, Anschrift oder E-Mail Adresse) dar. Sofern personenbezogene Daten erhoben werden, erfolgt dies \u2013 sofern m\u00f6glich \u2013 nur mit dem vorherigen Einverst\u00e4ndnis des Nutzers der Website. Eine Weiterleitung der Daten an Dritte findet ohne ausdr\u00fcckliche Zustimmung des Nutzers nicht statt.<\/p>\n\n\n\n<p>Wir weisen ausdr\u00fccklich darauf hin, dass die \u00dcbertragung von Daten im Internet (z.B. per E-Mail) Sicherheitsl\u00fccken aufweisen kann. Ein l\u00fcckenloser Schutz der Daten vor dem Zugriff Dritter kann nicht gew\u00e4hrleistet werden. Wir k\u00f6nnen keine Haftung f\u00fcr die durch solche Sicherheitsl\u00fccken entstehenden Sch\u00e4den \u00fcbernehmen.<br>Ohne ausdr\u00fcckliche Zustimmung des Urhebers ist es verboten Bilder, Avatare oder sonstige Medien anderer Benutzer zu verwenden.<\/p>\n\n\n\n<p>Der Verwendung ver\u00f6ffentlichter Kontaktdaten durch Dritte zum Zwecke von Werbung wird ausdr\u00fccklich widersprochen. Wir behalten uns rechtliche Schritte f\u00fcr den Fall der unverlangten Zusendung von Werbeinformationen, z.B. durch Spam-Mails, vor.<\/p>\n\n\n\n<p><strong>Nettiquette<\/strong><\/p>\n\n\n\n<p>Sie stimmen ausdr\u00fccklich zu, dass Sie sich im Forum im Rahmen der guten Sitten verhalten. Beleidigungen, Unterstellungen, pers\u00f6nliche Anfeindungen und alle anderen, die pers\u00f6nlichen Rechte verletzenden Handlungen sind verboten und werden mit Sanktionen im Rahmen von Ermahnungen, Verwarnungen oder Account-Sperrung geahndet. Die Betreiber haben das Hausrecht und k\u00f6nnen von diesem situationsbedingt Gebrauch machen.<\/p>\n\n\n\n<p><strong>Eigenverantwortung f\u00fcr Inhalte\/Postings\/Threads:<\/strong><\/p>\n\n\n\n<p>Es ist nicht erlaubt gesetzeswidrige, illegale und\/oder nicht jugendfreie Texte oder andere Inhalte zu ver\u00f6ffentlichen. Diese werden kommentarlos gel\u00f6scht und der betreffende Benutzeraccount gesperrt oder gel\u00f6scht.<\/p>\n\n\n\n<p><strong>Fremdwerbung\/Spamming\/Verlinkung von gewerblichen URL\u00b4s:<\/strong><\/p>\n\n\n\n<p>F\u00fcr gewerbliche Inhalte ist die ausdr\u00fcckliche, schriftliche Genehmigung der Betreiber dieser Seite erforderlich. Nicht genehmigte Werbung oder Spamming aller Art wird kommentarlos gel\u00f6scht. Sie k\u00f6nnen in Ihrer Signatur gewerbliche Verlinkung (URL) zu Ihrer Firma platzieren, sofern deren Inhalt den deutschen gesetzlichen Bestimmungen entsprechen.<\/p>\n\n\n\n<p><strong>Registrierung:<\/strong><\/p>\n\n\n\n<p>Eine Registrierung muss von einem Mailprovider erfolgen, der der DSGVO und der Speicherung nutzungsbedingter Daten Folge leistet, um im Rechtsfall den Inhaber eindeutig ermitteln zu k\u00f6nnen. Deshalb wird eine Registrierung von sog. Anonymousmailern, Trashmailern oder bekannten Providern, die Spam produzieren oder die ein Verschleierung der IP-Adresse vornehmen oder nicht der DSGVO unterliegen, nicht akzeptiert. Der Betreiber beh\u00e4lt sich das Recht vor Registrierungen dieser Art zu ignorieren.<\/p>\n","protected":false},"excerpt":{"rendered":"<p>Haftungsbeschr\u00e4nkung f\u00fcr eigene Inhalte Alle Inhalte unseres Internetauftritts wurden mit Sorgfalt und nach bestem Gewissen erstellt. Eine Gew\u00e4hr f\u00fcr die Aktualit\u00e4t, Vollst\u00e4ndigkeit und Richtigkeit s\u00e4mtlicher Seiten kann jedoch nicht \u00fcbernommen werden. Gem\u00e4\u00df \u00a7 7 Abs. 1 TMG sind wir als Dienstanbieter f\u00fcr eigene Inhalte auf diesen Seiten nach den allgemeinen&#8230;<\/p>\n<p> <a class=\"continue-reading-link\" href=\"https:\/\/tigersfans-bayreuth.de\/index.php\/nutzungsbestimmungen\/\"><span>Continue reading<\/span><i class=\"crycon-right-dir\"><\/i><\/a> <\/p>\n","protected":false},"author":1,"featured_media":0,"parent":0,"menu_order":0,"comment_status":"closed","ping_status":"closed","template":"","meta":{"footnotes":""},"class_list":["post-20","page","type-page","status-publish","hentry"],"_links":{"self":[{"href":"https:\/\/tigersfans-bayreuth.de\/index.php\/wp-json\/wp\/v2\/pages\/20","targetHints":{"allow":["GET"]}}],"collection":[{"href":"https:\/\/tigersfans-bayreuth.de\/index.php\/wp-json\/wp\/v2\/pages"}],"about":[{"href":"https:\/\/tigersfans-bayreuth.de\/index.php\/wp-json\/wp\/v2\/types\/page"}],"author":[{"embeddable":true,"href":"https:\/\/tigersfans-bayreuth.de\/index.php\/wp-json\/wp\/v2\/users\/1"}],"replies":[{"embeddable":true,"href":"https:\/\/tigersfans-bayreuth.de\/index.php\/wp-json\/wp\/v2\/comments?post=20"}],"version-history":[{"count":3,"href":"https:\/\/tigersfans-bayreuth.de\/index.php\/wp-json\/wp\/v2\/pages\/20\/revisions"}],"predecessor-version":[{"id":304,"href":"https:\/\/tigersfans-bayreuth.de\/index.php\/wp-json\/wp\/v2\/pages\/20\/revisions\/304"}],"wp:attachment":[{"href":"https:\/\/tigersfans-bayreuth.de\/index.php\/wp-json\/wp\/v2\/media?parent=20"}],"curies":[{"name":"wp","href":"https:\/\/api.w.org\/{rel}","templated":true}]}}